{"id":4012,"date":"2025-05-16T09:15:10","date_gmt":"2025-05-16T07:15:10","guid":{"rendered":"https:\/\/www.fitlifebogi.hu\/?post_type=product&#038;p=4012"},"modified":"2026-02-24T12:46:37","modified_gmt":"2026-02-24T11:46:37","slug":"gasztro-bogi-elofizetes","status":"publish","type":"product","link":"https:\/\/www.fitlifebogi.hu\/en\/product\/gasztro-bogi-elofizetes\/","title":{"rendered":"GasztroBogi El\u0151fizet\u00e9s"},"content":{"rendered":"<p><b>Mi a GasztroBogi c\u00e9lja?<\/b><\/p>\n<p><span style=\"font-weight: 400;\">\u00c9letm\u00f3dtan\u00e1csad\u00f3k\u00e9nt, valamint az \u00e9telek \u00e9s \u00edzek szerelmesek\u00e9nt a c\u00e9lom egy praktikus, inspir\u00e1l\u00f3, kreat\u00edv \u00e9s t\u00e1mogat\u00f3 gasztrok\u00f6z\u00f6ss\u00e9g kialak\u00edt\u00e1sa, melynek tagjak\u00e9nt \u00fajra felfedezheted a f\u0151z\u00e9s \u00e9s az \u00e9tkez\u00e9s val\u00f3di \u00f6r\u00f6m\u00e9t.<\/span><\/p>\n<p>&nbsp;<\/p>\n<p><b>Mit k\u00edn\u00e1l a GasztroBogi?<\/b><\/p>\n<p><span style=\"font-weight: 400;\">Olyan k\u00f6nnyen k\u00f6vethet\u0151 recepteket \u00e9s kreat\u00edv \u00f6tleteket k\u00edn\u00e1lok a f\u0151z\u00e9shez \u00e9s \u00e9telk\u00e9sz\u00edt\u00e9shez, amelyek visszahozz\u00e1k az inspir\u00e1ci\u00f3t az \u00e9letedbe \u00e9s a konyh\u00e1dba. Ezek seg\u00edts\u00e9g\u00e9vel nemcsak k\u00f6nnyed\u00e9n, hanem \u00f6r\u00f6mmel k\u00e9sz\u00edthetsz finom \u00e9teleket, mik\u00f6zben meg\u0151rz\u00f6d saj\u00e1t \u00edzl\u00e9svil\u00e1godat \u00e9s ki\u00e9lheted kreativit\u00e1sodat.<\/span><\/p>\n<p>&nbsp;<\/p>\n<p><b>Milyen receptekhez f\u00e9rhetsz hozz\u00e1 a GasztroBogi el\u0151fizet\u0151i csoportban?<\/b><\/p>\n<p>&nbsp;<\/p>\n<p><span style=\"font-weight: 400;\">A recepteket albumok form\u00e1j\u00e1ban fogom megosztani a GasztroBogi Facebook-csoportomban, \u00e9s kezdetben ezeken a kateg\u00f3ri\u00e1kon bel\u00fcl tal\u00e1lsz majd recepteket, amelyeket id\u0151r\u0151l id\u0151re friss\u00edteni \u00e9s b\u0151v\u00edteni fogok, figyelembe v\u00e9ve a csoporttagok ig\u00e9nyeit \u00e9s visszajelz\u00e9seit.\u00a0<\/span><\/p>\n<p>&nbsp;<\/p>\n<ul>\n<li style=\"font-weight: 400;\" aria-level=\"1\"><span style=\"font-weight: 400;\">Bogi kedvencei<\/span><\/li>\n<li style=\"font-weight: 400;\" aria-level=\"1\"><span style=\"font-weight: 400;\">H\u00fasos \u00e9telek<\/span><\/li>\n<li style=\"font-weight: 400;\" aria-level=\"1\"><span style=\"font-weight: 400;\">Levesek<\/span><\/li>\n<li style=\"font-weight: 400;\" aria-level=\"1\"><span style=\"font-weight: 400;\">F\u0151zel\u00e9kek<\/span><\/li>\n<li style=\"font-weight: 400;\" aria-level=\"1\"><span style=\"font-weight: 400;\">K\u00f6retek\u00a0<\/span><\/li>\n<li style=\"font-weight: 400;\" aria-level=\"1\"><span style=\"font-weight: 400;\">T\u00e9szta \u00e9telek\u00a0<\/span><\/li>\n<li style=\"font-weight: 400;\" aria-level=\"1\"><span style=\"font-weight: 400;\">Sal\u00e1t\u00e1k\u00a0<\/span><\/li>\n<li style=\"font-weight: 400;\" aria-level=\"1\"><span style=\"font-weight: 400;\">Gyerekbar\u00e1t receptek<\/span><\/li>\n<li style=\"font-weight: 400;\" aria-level=\"1\"><span style=\"font-weight: 400;\">Muffinok<\/span><\/li>\n<li style=\"font-weight: 400;\" aria-level=\"1\"><span style=\"font-weight: 400;\">Nasik, Desszertek, Snackek<\/span><\/li>\n<li style=\"font-weight: 400;\" aria-level=\"1\"><span style=\"font-weight: 400;\">Kenc\u00e9k<\/span><\/li>\n<li style=\"font-weight: 400;\" aria-level=\"1\"><span style=\"font-weight: 400;\">Pr\u00e9slevek, Turmixok, Eg\u00e9szs\u00e9ges italok<\/span><\/li>\n<\/ul>","protected":false},"excerpt":{"rendered":"<p>Mi a GasztroBogi c\u00e9lja? \u00c9letm\u00f3dtan\u00e1csad\u00f3k\u00e9nt, valamint az \u00e9telek \u00e9s \u00edzek szerelmesek\u00e9nt a c\u00e9lom egy praktikus, inspir\u00e1l\u00f3, kreat\u00edv \u00e9s t\u00e1mogat\u00f3 gasztrok\u00f6z\u00f6ss\u00e9g kialak\u00edt\u00e1sa, melynek tagjak\u00e9nt \u00fajra felfedezheted a f\u0151z\u00e9s \u00e9s az \u00e9tkez\u00e9s val\u00f3di \u00f6r\u00f6m\u00e9t. &nbsp; Mit k\u00edn\u00e1l a GasztroBogi? Olyan k\u00f6nnyen k\u00f6vethet\u0151 recepteket \u00e9s kreat\u00edv \u00f6tleteket k\u00edn\u00e1lok a f\u0151z\u00e9shez \u00e9s \u00e9telk\u00e9sz\u00edt\u00e9shez, amelyek visszahozz\u00e1k az inspir\u00e1ci\u00f3t az \u00e9letedbe [&hellip;]<\/p>\n","protected":false},"featured_media":4026,"comment_status":"open","ping_status":"closed","template":"","meta":{"_seopress_robots_primary_cat":"none","_seopress_titles_title":"","_seopress_titles_desc":"","_seopress_robots_index":""},"product_brand":[],"product_cat":[30],"product_tag":[],"class_list":{"0":"post-4012","1":"product","2":"type-product","3":"status-publish","4":"has-post-thumbnail","6":"product_cat-elofizetes","8":"first","9":"instock","10":"virtual","11":"taxable","12":"purchasable","13":"product-type-subscription"},"_links":{"self":[{"href":"https:\/\/www.fitlifebogi.hu\/en\/wp-json\/wp\/v2\/product\/4012","targetHints":{"allow":["GET"]}}],"collection":[{"href":"https:\/\/www.fitlifebogi.hu\/en\/wp-json\/wp\/v2\/product"}],"about":[{"href":"https:\/\/www.fitlifebogi.hu\/en\/wp-json\/wp\/v2\/types\/product"}],"replies":[{"embeddable":true,"href":"https:\/\/www.fitlifebogi.hu\/en\/wp-json\/wp\/v2\/comments?post=4012"}],"wp:featuredmedia":[{"embeddable":true,"href":"https:\/\/www.fitlifebogi.hu\/en\/wp-json\/wp\/v2\/media\/4026"}],"wp:attachment":[{"href":"https:\/\/www.fitlifebogi.hu\/en\/wp-json\/wp\/v2\/media?parent=4012"}],"wp:term":[{"taxonomy":"product_brand","embeddable":true,"href":"https:\/\/www.fitlifebogi.hu\/en\/wp-json\/wp\/v2\/product_brand?post=4012"},{"taxonomy":"product_cat","embeddable":true,"href":"https:\/\/www.fitlifebogi.hu\/en\/wp-json\/wp\/v2\/product_cat?post=4012"},{"taxonomy":"product_tag","embeddable":true,"href":"https:\/\/www.fitlifebogi.hu\/en\/wp-json\/wp\/v2\/product_tag?post=4012"}],"curies":[{"name":"wp","href":"https:\/\/api.w.org\/{rel}","templated":true}]}}