{"id":2148,"date":"2023-05-19T22:30:54","date_gmt":"2023-05-19T20:30:54","guid":{"rendered":"https:\/\/www.fitlifebogi.hu\/?page_id=2148"},"modified":"2024-07-22T17:05:37","modified_gmt":"2024-07-22T15:05:37","slug":"jogi-nyilatkozat","status":"publish","type":"page","link":"https:\/\/www.fitlifebogi.hu\/en\/jogi-nyilatkozat\/","title":{"rendered":"Jogi nyilatkozat"},"content":{"rendered":"\t\t<div data-elementor-type=\"wp-page\" data-elementor-id=\"2148\" class=\"elementor elementor-2148\" data-elementor-post-type=\"page\">\n\t\t\t\t<div class=\"elementor-element elementor-element-8d63af6 e-flex e-con-boxed e-con e-parent\" data-id=\"8d63af6\" data-element_type=\"container\" data-e-type=\"container\">\n\t\t\t\t\t<div class=\"e-con-inner\">\n\t\t\t\t<div class=\"elementor-element elementor-element-07c7569 elementor-widget elementor-widget-heading\" data-id=\"07c7569\" data-element_type=\"widget\" data-e-type=\"widget\" data-widget_type=\"heading.default\">\n\t\t\t\t<div class=\"elementor-widget-container\">\n\t\t\t\t\t<h2 class=\"elementor-heading-title elementor-size-default\">Jogi nyilatkozat<\/h2>\t\t\t\t<\/div>\n\t\t\t\t<\/div>\n\t\t\t\t<div class=\"elementor-element elementor-element-edb612c elementor-widget elementor-widget-text-editor\" data-id=\"edb612c\" data-element_type=\"widget\" data-e-type=\"widget\" data-widget_type=\"text-editor.default\">\n\t\t\t\t<div class=\"elementor-widget-container\">\n\t\t\t\t\t\t\t\t\t<div data-trid=\"1760\">\n<p>Az fitlifebogi.hu teljes sz\u00f6veges \u00e9s grafikus tartalma szerz\u0151i jogi v\u00e9delem alatt \u00e1llnak (1999. \u00e9vi LXXVI. tv. alapj\u00e1n).<br>A weboldal mindennem\u0171 tartalma enged\u00e9ly n\u00e9lk\u00fcli felhaszn\u00e1l\u00e1sa, \u00e1tdolgoz\u00e1sa, m\u00e1sol\u00e1sa tilos, ide\u00e9rtve de nem kiz\u00e1r\u00f3lag a bev\u00e9telszerz\u0151 tev\u00e9kenys\u00e9gre val\u00f3 felhaszn\u00e1l\u00e1st. Valamint az anyagok \u00e1r\u00e1nak megfizet\u00e9se n\u00e9lk\u00fcli megnyit\u00e1sa, let\u00f6lt\u00e9se is jogi k\u00f6vetkezm\u00e9nyekkel j\u00e1r.<\/p>\n<p>A weboldal tartalma a szerz\u0151 neve [K\u00e1d\u00e1r Krisztina Ad\u00e9l \u2013 \u00c9letm\u00f3d \u00e9s t\u00e1pl\u00e1lkoz\u00e1si tan\u00e1csad\u00f3] \u00e9s a forr\u00e1s [fitlifebogi.hu] megjel\u00f6l\u00e9s\u00e9vel, m\u0171k\u00f6d\u0151 link form\u00e1j\u00e1ban, a szerz\u0151 \u00edr\u00e1sbeli hozz\u00e1j\u00e1rul\u00e1s\u00e1val felhaszn\u00e1lhat\u00f3. A forr\u00e1s megjel\u00f6l\u00e9se n\u00e9lk\u00fcli, hi\u00e1nyos megjel\u00f6l\u00e9s\u0171, \u00edr\u00e1sbeli szerz\u0151i hozz\u00e1j\u00e1rul\u00e1s n\u00e9lk\u00fcli ut\u00e1nk\u00f6zl\u00e9s, \u00e1tdolgoz\u00e1s d\u00edjk\u00f6teles: 29.900 Ft szavank\u00e9nt naponta.<\/p>\n<\/div>\n<div data-trid=\"2622\">&nbsp;<\/div>\n<p>Fitlifebogi.hu<br>K\u00e1d\u00e1r Krisztina Ad\u00e9l \u2013 Egy\u00e9ni V\u00e1llalkoz\u00f3<br>1106 Budapest, Hath\u00e1z utca 9.<br>Budapest, 2023.05.19.<\/p>\t\t\t\t\t\t\t\t<\/div>\n\t\t\t\t<\/div>\n\t\t\t\t\t<\/div>\n\t\t\t\t<\/div>\n\t\t\t\t<\/div>\n\t\t","protected":false},"excerpt":{"rendered":"<p>Jogi nyilatkozat Az fitlifebogi.hu teljes sz\u00f6veges \u00e9s grafikus tartalma szerz\u0151i jogi v\u00e9delem alatt \u00e1llnak (1999. \u00e9vi LXXVI. tv. alapj\u00e1n).A weboldal mindennem\u0171 tartalma enged\u00e9ly n\u00e9lk\u00fcli felhaszn\u00e1l\u00e1sa, \u00e1tdolgoz\u00e1sa, m\u00e1sol\u00e1sa tilos, ide\u00e9rtve de nem kiz\u00e1r\u00f3lag a bev\u00e9telszerz\u0151 tev\u00e9kenys\u00e9gre val\u00f3 felhaszn\u00e1l\u00e1st. Valamint az anyagok \u00e1r\u00e1nak megfizet\u00e9se n\u00e9lk\u00fcli megnyit\u00e1sa, let\u00f6lt\u00e9se is jogi k\u00f6vetkezm\u00e9nyekkel j\u00e1r. A weboldal tartalma a szerz\u0151 neve [&hellip;]<\/p>\n","protected":false},"author":1,"featured_media":0,"parent":0,"menu_order":0,"comment_status":"closed","ping_status":"closed","template":"elementor_header_footer","meta":{"_seopress_robots_primary_cat":"","_seopress_titles_title":"","_seopress_titles_desc":"","_seopress_robots_index":"yes","footnotes":""},"class_list":["post-2148","page","type-page","status-publish","hentry"],"_links":{"self":[{"href":"https:\/\/www.fitlifebogi.hu\/en\/wp-json\/wp\/v2\/pages\/2148","targetHints":{"allow":["GET"]}}],"collection":[{"href":"https:\/\/www.fitlifebogi.hu\/en\/wp-json\/wp\/v2\/pages"}],"about":[{"href":"https:\/\/www.fitlifebogi.hu\/en\/wp-json\/wp\/v2\/types\/page"}],"author":[{"embeddable":true,"href":"https:\/\/www.fitlifebogi.hu\/en\/wp-json\/wp\/v2\/users\/1"}],"replies":[{"embeddable":true,"href":"https:\/\/www.fitlifebogi.hu\/en\/wp-json\/wp\/v2\/comments?post=2148"}],"version-history":[{"count":8,"href":"https:\/\/www.fitlifebogi.hu\/en\/wp-json\/wp\/v2\/pages\/2148\/revisions"}],"predecessor-version":[{"id":2380,"href":"https:\/\/www.fitlifebogi.hu\/en\/wp-json\/wp\/v2\/pages\/2148\/revisions\/2380"}],"wp:attachment":[{"href":"https:\/\/www.fitlifebogi.hu\/en\/wp-json\/wp\/v2\/media?parent=2148"}],"curies":[{"name":"wp","href":"https:\/\/api.w.org\/{rel}","templated":true}]}}