{"id":2146,"date":"2023-05-19T22:30:22","date_gmt":"2023-05-19T20:30:22","guid":{"rendered":"https:\/\/www.fitlifebogi.hu\/?page_id=2146"},"modified":"2024-07-22T17:05:32","modified_gmt":"2024-07-22T15:05:32","slug":"impresszum","status":"publish","type":"page","link":"https:\/\/www.fitlifebogi.hu\/en\/impresszum\/","title":{"rendered":"Impresszum"},"content":{"rendered":"<div data-elementor-type=\"wp-page\" data-elementor-id=\"2146\" class=\"elementor elementor-2146\" data-elementor-post-type=\"page\">\n\t\t\t\t<div class=\"elementor-element elementor-element-d89c90c e-flex e-con-boxed e-con e-parent\" data-id=\"d89c90c\" data-element_type=\"container\" data-e-type=\"container\">\n\t\t\t\t\t<div class=\"e-con-inner\">\n\t\t\t\t<div class=\"elementor-element elementor-element-2fe880a elementor-widget elementor-widget-heading\" data-id=\"2fe880a\" data-element_type=\"widget\" data-e-type=\"widget\" data-widget_type=\"heading.default\">\n\t\t\t\t<div class=\"elementor-widget-container\">\n\t\t\t\t\t<h2 class=\"elementor-heading-title elementor-size-default\">Impresszum<\/h2>\t\t\t\t<\/div>\n\t\t\t\t<\/div>\n\t\t\t\t<div class=\"elementor-element elementor-element-5813395 elementor-widget elementor-widget-text-editor\" data-id=\"5813395\" data-element_type=\"widget\" data-e-type=\"widget\" data-widget_type=\"text-editor.default\">\n\t\t\t\t<div class=\"elementor-widget-container\">\n\t\t\t\t\t\t\t\t\t<div data-trid=\"1770\"><strong>Szolg\u00e1ltat\u00f3:<\/strong>\u00a0K\u00e1d\u00e1r Krisztina Ad\u00e9l Egy\u00e9ni V\u00e1llalkoz\u00f3<br \/><strong>Sz\u00e9khely, postac\u00edm:\u00a0<\/strong>1106 Budapest, Hath\u00e1z utca 9, 308 ajt\u00f3<br \/><strong>Ad\u00f3sz\u00e1m:<\/strong>\u00a068927699-1-42<\/div><div data-trid=\"1770\"><div data-trid=\"1774\"><b>Nyilv\u00e1ntart\u00e1sba vev\u0151 hat\u00f3s\u00e1g neve:\u00a0<\/b>NAV \u00c9szak-budapesti megyei Ad\u00f3 \u00e9s V\u00e1migazgat\u00f3s\u00e1g<\/div><div data-trid=\"1775\"><b>C\u00e9g banksz\u00e1mlasz\u00e1ma:\u00a0<\/b>10918001-00000100-85590002<\/div><p><strong>El\u00e9rhet\u0151s\u00e9g:<\/strong>\u00a0hello@fitlifebogi.hu<br \/><strong>Honlap:<\/strong>\u00a0fitlifebogi.hu<br \/><strong>T\u00e1rhelyszolg\u00e1ltat\u00f3nk:<\/strong><br \/>Websupport Magyarorsz\u00e1g Kft.<br \/>Sz\u00e9khely: 1132 Budapest, Victor Hugo utca 18-22.<\/p><p>\u00a0<\/p><\/div><p>Fitlifebogi.hu<br \/>K\u00e1d\u00e1r Krisztina Ad\u00e9l \u2013 Egy\u00e9ni V\u00e1llalkoz\u00f3<br \/>1106 Budapest, Hath\u00e1z utca 9.<br \/>Budapest, 2023.05.19.<\/p>\t\t\t\t\t\t\t\t<\/div>\n\t\t\t\t<\/div>\n\t\t\t\t\t<\/div>\n\t\t\t\t<\/div>\n\t\t\t\t<\/div>","protected":false},"excerpt":{"rendered":"<p>Impresszum Szolg\u00e1ltat\u00f3:\u00a0K\u00e1d\u00e1r Krisztina Ad\u00e9l Egy\u00e9ni V\u00e1llalkoz\u00f3Sz\u00e9khely, postac\u00edm:\u00a01106 Budapest, Hath\u00e1z utca 9, 308 ajt\u00f3Ad\u00f3sz\u00e1m:\u00a068927699-1-42Nyilv\u00e1ntart\u00e1sba vev\u0151 hat\u00f3s\u00e1g neve:\u00a0NAV \u00c9szak-budapesti megyei Ad\u00f3 \u00e9s V\u00e1migazgat\u00f3s\u00e1gC\u00e9g banksz\u00e1mlasz\u00e1ma:\u00a010918001-00000100-85590002 El\u00e9rhet\u0151s\u00e9g:\u00a0hello@fitlifebogi.huHonlap:\u00a0fitlifebogi.huT\u00e1rhelyszolg\u00e1ltat\u00f3nk:Websupport Magyarorsz\u00e1g Kft.Sz\u00e9khely: 1132 Budapest, Victor Hugo utca 18-22. \u00a0 Fitlifebogi.huK\u00e1d\u00e1r Krisztina Ad\u00e9l \u2013 Egy\u00e9ni V\u00e1llalkoz\u00f31106 Budapest, Hath\u00e1z utca 9.Budapest, 2023.05.19.<\/p>","protected":false},"author":1,"featured_media":0,"parent":0,"menu_order":0,"comment_status":"closed","ping_status":"closed","template":"elementor_header_footer","meta":{"_seopress_robots_primary_cat":"","_seopress_titles_title":"","_seopress_titles_desc":"","_seopress_robots_index":"yes","footnotes":""},"class_list":["post-2146","page","type-page","status-publish","hentry"],"_links":{"self":[{"href":"https:\/\/www.fitlifebogi.hu\/en\/wp-json\/wp\/v2\/pages\/2146","targetHints":{"allow":["GET"]}}],"collection":[{"href":"https:\/\/www.fitlifebogi.hu\/en\/wp-json\/wp\/v2\/pages"}],"about":[{"href":"https:\/\/www.fitlifebogi.hu\/en\/wp-json\/wp\/v2\/types\/page"}],"author":[{"embeddable":true,"href":"https:\/\/www.fitlifebogi.hu\/en\/wp-json\/wp\/v2\/users\/1"}],"replies":[{"embeddable":true,"href":"https:\/\/www.fitlifebogi.hu\/en\/wp-json\/wp\/v2\/comments?post=2146"}],"version-history":[{"count":5,"href":"https:\/\/www.fitlifebogi.hu\/en\/wp-json\/wp\/v2\/pages\/2146\/revisions"}],"predecessor-version":[{"id":2379,"href":"https:\/\/www.fitlifebogi.hu\/en\/wp-json\/wp\/v2\/pages\/2146\/revisions\/2379"}],"wp:attachment":[{"href":"https:\/\/www.fitlifebogi.hu\/en\/wp-json\/wp\/v2\/media?parent=2146"}],"curies":[{"name":"wp","href":"https:\/\/api.w.org\/{rel}","templated":true}]}}