{"id":2137,"date":"2023-05-19T22:19:44","date_gmt":"2023-05-19T20:19:44","guid":{"rendered":"https:\/\/www.fitlifebogi.hu\/?page_id=2137"},"modified":"2024-07-22T17:00:59","modified_gmt":"2024-07-22T15:00:59","slug":"at","status":"publish","type":"page","link":"https:\/\/www.fitlifebogi.hu\/en\/at\/","title":{"rendered":"Adatkezel\u00e9si t\u00e1j\u00e9koztat\u00f3"},"content":{"rendered":"<div data-elementor-type=\"wp-page\" data-elementor-id=\"2137\" class=\"elementor elementor-2137\" data-elementor-post-type=\"page\">\n\t\t\t\t<div class=\"elementor-element elementor-element-ec5b8e5 e-flex e-con-boxed e-con e-parent\" data-id=\"ec5b8e5\" data-element_type=\"container\" data-e-type=\"container\">\n\t\t\t\t\t<div class=\"e-con-inner\">\n\t\t\t\t<div class=\"elementor-element elementor-element-82b21d6 elementor-widget elementor-widget-heading\" data-id=\"82b21d6\" data-element_type=\"widget\" data-e-type=\"widget\" data-widget_type=\"heading.default\">\n\t\t\t\t<div class=\"elementor-widget-container\">\n\t\t\t\t\t<h2 class=\"elementor-heading-title elementor-size-default\">Adatkezel\u00e9si t\u00e1j\u00e9koztat\u00f3<\/h2>\t\t\t\t<\/div>\n\t\t\t\t<\/div>\n\t\t\t\t<div class=\"elementor-element elementor-element-de7f636 elementor-widget elementor-widget-text-editor\" data-id=\"de7f636\" data-element_type=\"widget\" data-e-type=\"widget\" data-widget_type=\"text-editor.default\">\n\t\t\t\t<div class=\"elementor-widget-container\">\n\t\t\t\t\t\t\t\t\t<div data-trid=\"1760\">\n<p data-trid=\"1182\"><span data-trid=\"1183\"><b>Az \u00d6n \u00e1ltal megadott szem\u00e9lyes adatokat kezeli<\/b><\/span><\/p>\n<p data-trid=\"1193\"><span style=\"font-weight: bolder;\">Szolg\u00e1ltat\u00f3:<\/span>&nbsp;K\u00e1d\u00e1r Krisztina Ad\u00e9l Egy\u00e9ni V\u00e1llalkoz\u00f3<br><span style=\"font-weight: bolder;\">Sz\u00e9khely, postac\u00edm:&nbsp;<\/span>1106 Budapest, Hath\u00e1z utca 9, 308 ajt\u00f3<br><span style=\"font-weight: bolder;\">Ad\u00f3sz\u00e1m:<\/span>&nbsp;68927699-1-42<\/p>\n<p data-trid=\"1193\">El\u00e9rhet\u0151s\u00e9g: hello@fitlifebogi.hu<\/p>\n<p data-trid=\"1193\">K\u00e9rj\u00fck, figyelmesen olvassa el jelen adatkezel\u00e9si t\u00e1j\u00e9koztat\u00f3nkat (a tov\u00e1bbiakban:&nbsp;<strong data-trid=\"1194\">T\u00e1j\u00e9koztat\u00f3<\/strong>), melyben szem\u00e9lyes adatai kezel\u00e9s\u00e9t \u00e9rint\u0151 gyakorlatunkat ismertetj\u00fck az \u00c1ltal\u00e1nos Adatv\u00e9delmi Rendelet (a GDPR, azaz az Eur\u00f3pai Parlament \u00e9s Tan\u00e1cs 2016\/679. rendelete) szerint. Ez a T\u00e1j\u00e9koztat\u00f3 az Adatkezel\u0151 szolg\u00e1ltat\u00e1sait fogyaszt\u00f3k\u00e9nt ig\u00e9nybe vev\u0151 szem\u00e9lyekre (<strong data-trid=\"1195\">\u00d6n<\/strong>) vonatkozik. Bemutatja, hogy az Adatkezel\u0151 hogyan gy\u0171jti, haszn\u00e1lja fel \u00e9s osztja meg bizonyos esetekben harmadik felekkel az \u00d6n szem\u00e9lyes adatait, tov\u00e1bb\u00e1 inform\u00e1ci\u00f3val szolg\u00e1l az \u00d6n adatkezel\u00e9ssel \u00f6sszef\u00fcgg\u0151 \u201e\u00e9rintetti\u201d jogair\u00f3l.<\/p>\n<p data-trid=\"1197\">Az Adatkezel\u0151 (<a href=\"https:\/\/www.fitlifebogi.hu\/en\/impresszum\/\">Impresszum<\/a>) elk\u00f6telezett e honlapot felkeres\u0151 egy\u00e9nek szem\u00e9lyes adatainak \u00e9s mag\u00e1n\u00e9let\u00e9nek v\u00e9delme ir\u00e1nt. Jelen t\u00e1j\u00e9koztat\u00f3 \u00e9s nyilatkozat mindenekel\u0151tt az \u00fcgyfelek \u00e9s h\u00edrlev\u00e9l-feliratkoz\u00f3k szem\u00e9lyes adatainak interneten kereszt\u00fcl t\u00f6rt\u00e9n\u0151 bizalmas kezel\u00e9s\u00e9r\u0151l \u00e9s v\u00e9delm\u00e9r\u0151l sz\u00f3l, mindazon\u00e1ltal ide tartoznak az oldal l\u00e1togat\u00f3i is. \u00d6sszefoglaljuk, hogy a tulajdonos milyen \u00d6nre vonatkoz\u00f3 adatokat hogyan gy\u0171jthet \u00e9s haszn\u00e1lhat fel, illetve milyen m\u00f3don haszn\u00e1lhatj\u00e1k fel. Az adatok illet\u00e9ktelen szem\u00e9lyek r\u00e9sz\u00e9re nem ker\u00fclnek \u00e1tad\u00e1sra \u00e9s ezen t\u00e1j\u00e9koztat\u00f3ban meghat\u00e1rozott form\u00e1ban ker\u00fclnek felhaszn\u00e1l\u00e1sra.<\/p>\n<p data-trid=\"1200\">A szerz\u0151d\u00e9sekben egyedi esetekben az adatkezel\u00e9s c\u00e9lja m\u00f3dosulhat, mely az adott szerz\u0151d\u00e9sben r\u00f6gz\u00edtett felt\u00e9telekkel t\u00f6rt\u00e9nik.<\/p>\n<p data-trid=\"1202\">A t\u00e1j\u00e9koztat\u00f3 fontos inform\u00e1ci\u00f3t ny\u00fajt \u00d6nnek szem\u00e9lyes adatai v\u00e9delm\u00e9r\u0151l \u00e9s ehhez f\u0171z\u0151d\u0151 jogair\u00f3l. Ha a felhaszn\u00e1l\u00f3 nem fogadja el ezen felt\u00e9teleket, jog\u00e1ban \u00e1ll a honlap haszn\u00e1lat\u00e1t felf\u00fcggeszteni \u00e9s szem\u00e9lyes adat megad\u00e1sa n\u00e9lk\u00fcl a b\u00f6ng\u00e9sz\u00e9st befejezni.<\/p>\n<h3 data-trid=\"1204\"><strong data-trid=\"1205\">ADATKEZEL\u0150 FELEL\u0150SS\u00c9GE \u00c9S EL\u00c9RHET\u0150S\u00c9GE<\/strong><\/h3>\n<p data-trid=\"1207\"><strong data-trid=\"1208\">1.1 Adatkezel\u00e9ssel kapcsolatos inform\u00e1ci\u00f3k<\/strong><\/p>\n<p data-trid=\"1210\">Jelen T\u00e1j\u00e9koztat\u00f3ban ismertetett adatkezel\u00e9sek tekintet\u00e9ben<\/p>\n<p data-trid=\"1211\"><strong data-trid=\"1212\">K\u00e1d\u00e1r Krisztina Ad\u00e9l E.V.&nbsp;<\/strong>&nbsp;az adatkezel\u0151 (a tov\u00e1bbiakban:&nbsp;<strong data-trid=\"1213\">Adatkezel\u0151<\/strong>).<\/p>\n<p data-trid=\"1215\">Adatv\u00e9delmi elj\u00e1r\u00e1sainkat \u00e9rint\u0151 \u00e9szrev\u00e9tel, k\u00e9rd\u00e9s vagy panasz eset\u00e9n az al\u00e1bbi el\u00e9rhet\u0151s\u00e9geken vagyunk el\u00e9rhet\u0151ek:<\/p>\n<p data-trid=\"1216\"><strong data-trid=\"1217\"><span style=\"text-align: var(--text-align);\">K\u00e1d\u00e1r Krisztina Ad\u00e9l E.V.<\/span>&nbsp;&nbsp;<\/strong>1106 Budapest, Hath\u00e1z utca 9, 308 ajt\u00f3 vagy \u00edrjon a hello@fitlifebogi.hu e-mail c\u00edmre.<\/p>\n<table width=\"602\" data-trid=\"1219\">\n<tbody data-trid=\"1220\">\n<tr data-trid=\"1221\">\n<td width=\"302\" data-trid=\"1222\">\n<p data-trid=\"1223\"><strong data-trid=\"1224\">Adatkezel\u0151<\/strong><\/p>\n<\/td>\n<td width=\"300\" data-trid=\"1225\">\n<p data-trid=\"1226\"><strong data-trid=\"1227\">Felel\u0151ss\u00e9gi k\u00f6r\u00f6k<\/strong><\/p>\n<\/td>\n<\/tr>\n<tr data-trid=\"1228\">\n<td width=\"302\" data-trid=\"1229\">\n<p data-trid=\"1230\"><strong data-trid=\"1231\">K\u00e1d\u00e1r Krisztina Ad\u00e9l E.V.<br><\/strong>1106 Budapest, Hath\u00e1z utca 9, 308 ajt\u00f3.<\/p>\n<\/td>\n<td width=\"300\" data-trid=\"1233\">\n<p data-trid=\"1234\">\u00d6sszes tev\u00e9kenys\u00e9g<\/p>\n<\/td>\n<\/tr>\n<\/tbody>\n<\/table>\n<p data-trid=\"1235\">V\u00e1laszt\u00e1s\u00e1nak megfelel\u0151en \u00d6n szem\u00e9lyes adatai megad\u00e1sa n\u00e9lk\u00fcl is jogosult hozz\u00e1f\u00e9rni weboldalainkhoz, viszont a b\u00f6ng\u00e9sz\u00e9shez elengedhetetlen a s\u00fcti \u2013 cookie szab\u00e1lyzat elfogad\u00e1sa, h\u00edrlev\u00e9l-feliratkoz\u00e1s eset\u00e9n pedig az adatv\u00e9delmi t\u00e1j\u00e9koztat\u00f3 \u00e9s nyilatkozat j\u00f3v\u00e1hagy\u00e1sa. Szem\u00e9lyes adat az \u00f6sszes inform\u00e1ci\u00f3, amely k\u00f6zvetett vagy k\u00f6zvetlen m\u00f3don, azonos\u00edt\u00f3 sz\u00e1m szerint vagy az ehhez tartoz\u00f3 adatok alapj\u00e1n azonos\u00edthat\u00f3 term\u00e9szetes szem\u00e9lyre vonatkozik. Abban az esetben, hogyha az oldal Tulajdonosa az \u00d6n szem\u00e9lyes adatait gy\u0171jti, az adatgy\u0171jt\u00e9s \u00e1tl\u00e1that\u00f3 \u00e9s bizalmas adatkezel\u00e9ssel t\u00f6rt\u00e9nik.<\/p>\n<p data-trid=\"1237\">Az \u00d6n szem\u00e9lyes adatai olyan inform\u00e1ci\u00f3k, melyek seg\u00edts\u00e9g\u00e9vel az \u00d6n szem\u00e9lye beazonos\u00edthat\u00f3, p\u00e9ld\u00e1ul: vezet\u00e9kn\u00e9v, ut\u00f3n\u00e9v, \u00e1llampolg\u00e1rs\u00e1g, telefonsz\u00e1m, postac\u00edm, e-mail c\u00edm. Az \u00d6n szem\u00e9lyes adatait \u00f6nk\u00e9ntesen megadott m\u00f3don, a tulajdonos az oldalon t\u00f6rt\u00e9n\u0151 b\u00f6ng\u00e9sz\u00e9skor gy\u0171jti, megjel\u00f6lve minden esetben a c\u00e9l el\u00e9r\u00e9s\u00e9hez sz\u00fcks\u00e9gszer\u0171en megadand\u00f3 adatokat. Ha nem k\u00edv\u00e1nja megadni ezen adatokat, akkor nem f\u00e9rhet hozz\u00e1 a honlap egyes funkci\u00f3ihoz, szolg\u00e1ltat\u00e1saihoz. Az opcion\u00e1lisan megadand\u00f3 adatok gy\u0171jt\u00e9se a felhaszn\u00e1l\u00f3i ig\u00e9nyek megismer\u00e9s\u00e9t, a honlap \u00e9s szolg\u00e1ltat\u00e1sok fejleszt\u00e9s\u00e9t szolg\u00e1lja.<\/p>\n<p data-trid=\"1239\">A Tulajdonos minden int\u00e9zked\u00e9st megtesz, hogy az \u00e1ltala kezelt szem\u00e9lyes adatok pontosak, naprak\u00e9szek legyenek.<\/p>\n<p data-trid=\"1241\"><strong data-trid=\"1242\">Az al\u00e1bbi szem\u00e9lyes adatok kezel\u00e9se t\u00f6rt\u00e9nik:<\/strong><\/p>\n<ul data-trid=\"1244\">\n<li data-trid=\"1245\">Vezet\u00e9kn\u00e9v, keresztn\u00e9v, c\u00e9gn\u00e9v \u00e9s kapcsolattart\u00f3 neve (c\u00e9g eset\u00e9n)<\/li>\n<li data-trid=\"1246\">Sz\u00e9khely c\u00edme (c\u00e9g eset\u00e9n), lakc\u00edm, levelez\u00e9si c\u00edm<\/li>\n<li data-trid=\"1247\">E-mail c\u00edm<\/li>\n<li data-trid=\"1248\">Telefonsz\u00e1m<\/li>\n<li data-trid=\"1249\">Rendszer inform\u00e1ci\u00f3k (IP-c\u00edm, rendszer verzi\u00f3, felbont\u00e1s, statisztika a honlapon megtekintett oldalakr\u00f3l, b\u00f6ng\u00e9sz\u00e9si szok\u00e1sok, viselked\u00e9si mint\u00e1zat)<\/li>\n<\/ul>\n<h3 data-trid=\"1250\"><strong data-trid=\"1251\">Adatkezel\u00e9s id\u0151tartama:<\/strong><\/h3>\n<ul data-trid=\"1253\">\n<li data-trid=\"1254\">Direkt marketing c\u00e9l\u00fa hozz\u00e1j\u00e1rul\u00e1sok tekintet\u00e9ben a felhaszn\u00e1l\u00f3 hozz\u00e1j\u00e1rul\u00e1s\u00e1nak visszavon\u00e1s\u00e1ig<\/li>\n<li data-trid=\"1255\">Profiladatok tekintet\u00e9ben az utols\u00f3 bejelentkez\u00e9st\u0151l sz\u00e1m\u00edtott 4 \u00e9v<\/li>\n<li data-trid=\"1256\">V\u00e1s\u00e1rl\u00e1sok adatai tekintet\u00e9ben a Sz\u00e1mv. tv. 169. \u00a7 (2) bekezd\u00e9se alapj\u00e1n 8 \u00e9v<\/li>\n<\/ul>\n<h3 data-trid=\"1257\"><strong data-trid=\"1258\">Adattov\u00e1bb\u00edt\u00e1s felt\u00e9telei<\/strong><\/h3>\n<p data-trid=\"1260\">Az Adatkezel\u0151 az \u00e1ltala kezelt adatokat \u2013 a sz\u00fcks\u00e9ges m\u00e9rt\u00e9kben \u2013 tov\u00e1bb\u00edthatja a k\u00f6vetkez\u0151 ter\u00fcleteken tev\u00e9kenyked\u0151, \u00e1ltala kijel\u00f6lt szem\u00e9lyek, valamint t\u00e1rsas\u00e1gok r\u00e9sz\u00e9re:<\/p>\n<ul data-trid=\"1262\">\n<li data-trid=\"1263\">Adatfeldolgoz\u00e1s<\/li>\n<li data-trid=\"1264\">Jogi k\u00e9pviselet<\/li>\n<li data-trid=\"1265\">Jogvit\u00e1k kezel\u00e9s\u00e9re jogszab\u00e1ly alapj\u00e1n jogosult szervek<\/li>\n<li data-trid=\"1266\">K\u00e9zbes\u00edt\u00e9s<\/li>\n<li data-trid=\"1267\">K\u00f6nyvel\u00e9s<\/li>\n<li data-trid=\"1268\">K\u00f6vetel\u00e9skezel\u00e9s<\/li>\n<li data-trid=\"1269\">Marketing<\/li>\n<li data-trid=\"1270\">Sz\u00e1ml\u00e1z\u00e1s<\/li>\n<\/ul>\n<h3 data-trid=\"1271\"><strong data-trid=\"1272\">Adatfeldolgoz\u00f3k<\/strong><\/h3>\n<p data-trid=\"1274\">Web\u00e1ruh\u00e1zi v\u00e1s\u00e1rl\u00e1skor az Adatkezel\u0151 (a Felhaszn\u00e1l\u00f3 \u00e1ltal megjel\u00f6lt sz\u00e1ll\u00edt\u00e1si m\u00f3d alapj\u00e1n) a Felhaszn\u00e1l\u00f3 nev\u00e9t, sz\u00e1ll\u00edt\u00e1si c\u00edm\u00e9t (Fut\u00e1rszolg\u00e1lat eset\u00e9n e-mail c\u00edm\u00e9t \u00e9s telefonsz\u00e1m\u00e1t \u2013 a kisz\u00e1ll\u00edt\u00e1s id\u0151pontj\u00e1nak egyeztet\u00e9se \u00e9rdek\u00e9ben), tov\u00e1bb\u00e1 a term\u00e9k beszedend\u0151 (esetenk\u00e9nt el\u0151re kiegyenl\u00edtett) v\u00e9tel\u00e1r\u00e1val kapcsolatos inform\u00e1ci\u00f3t \u00e1tadja a kisz\u00e1ll\u00edt\u00e1st v\u00e9gz\u0151 c\u00e9g sz\u00e1m\u00e1ra, a term\u00e9k Felhaszn\u00e1l\u00f3 r\u00e9sz\u00e9re t\u00f6rt\u00e9n\u0151 k\u00e9zbes\u00edt\u00e9se c\u00e9lj\u00e1b\u00f3l.<\/p>\n<p data-trid=\"1276\"><u data-trid=\"1277\">Az Adatkezel\u0151 \u00e1ltal haszn\u00e1lt fut\u00e1rszolg\u00e1latok (adatfeldolgoz\u00f3k)<\/u>:<\/p>\n<ul data-trid=\"1278\">\n<li data-trid=\"1279\">Postai kisz\u00e1ll\u00edt\u00e1s eset\u00e9n:<\/li>\n<\/ul>\n<p data-trid=\"1280\"><strong data-trid=\"1281\">Magyar Posta Zrt.<\/strong>&nbsp;(sz\u00e9khelye: 1138 Budapest, Dunavir\u00e1g u. 2-6., c\u00e9gjegyz\u00e9ksz\u00e1ma: 01-10-042463, ad\u00f3sz\u00e1ma: 10901232-2-44)<\/p>\n<p data-trid=\"1283\">A Felhaszn\u00e1l\u00f3 elfogadja e hozz\u00e1j\u00e1rul\u00e1s szerint az \u00e1ltala v\u00e1lasztott kisz\u00e1ll\u00edt\u00f3 c\u00e9g saj\u00e1t \u00c1ltal\u00e1nos Szerz\u0151d\u00e9si Felt\u00e9teleit.<\/p>\n<h3 data-trid=\"1285\"><strong data-trid=\"1286\">Adatfeldolgoz\u00e1st v\u00e9gz\u0151 vagy adatkezel\u00e9st \u00e9rint\u0151 c\u00e9gek, szem\u00e9lyek<\/strong><\/h3>\n<p data-trid=\"1288\">A tulajdonos, <b>K\u00e1d\u00e1r Krisztina Ad\u00e9l<\/b><strong data-trid=\"1289\">&nbsp;E.V.&nbsp;<\/strong>v\u00e9gzi az adatok kezel\u00e9s\u00e9t. A tulajdonoson k\u00edv\u00fcl m\u00e1s c\u00e9gek is r\u00e9szt vesznek a szerz\u0151d\u00e9ses \u00fcgyfelek adatainak kezel\u00e9s\u00e9ben, t\u00e1rol\u00e1s\u00e1ban.<\/p>\n<h3 data-trid=\"1291\"><strong data-trid=\"1292\">Mely c\u00e9gek kapcsol\u00f3dnak az adatkezel\u00e9shez?<\/strong><\/h3>\n<p data-trid=\"1294\">A Tulajdonos tev\u00e9kenys\u00e9ge sor\u00e1n az adatkezel\u00e9sben \u00e9rintett c\u00e9gek:<\/p>\n<p data-trid=\"1296\">Minden szolg\u00e1ltat\u00f3t sz\u00fcks\u00e9ges felsorolni, ahol szem\u00e9lyes adatok megjelennek:<\/p>\n<p data-trid=\"1297\"><span data-trid=\"1520\" style=\"font-weight: bold;\">K\u00f6nyvel\u0151:<\/span>&nbsp;<br><span style=\"text-align: var(--text-align);\">Cz\u00e9gai Fanni e.v.<br><\/span><span style=\"text-align: var(--text-align);\">6000 Kecskem\u00e9t, V\u00e1lyogvet\u0151 utca 5\/A 3\/21<br><\/span><span style=\"text-align: var(--text-align);\">69660944-1-23<br><\/span><span style=\"text-align: var(--text-align);\">Proactive Bookkeeping Kft.<br><\/span><span style=\"text-align: var(--text-align);\">1145 Budapest Amerikai \u00fat 75 A\/2<br><\/span><span style=\"text-align: var(--text-align);\">26170770-2-42<\/span><\/p>\n<p data-trid=\"1298\"><span data-trid=\"1522\"><b>T\u00e1rhely szolg\u00e1ltat\u00f3:<\/b><\/span>&nbsp;Websupport Magyarorsz\u00e1g Kft. \u2013&nbsp;Sz\u00e9khely: 1132 Budapest, Victor Hugo utca 18-22.<\/p>\n<p data-trid=\"1299\"><strong data-trid=\"1300\">Google Inc.<\/strong>: 1600 Amphitheatre Parkway, Mountain View, CA 94043, USA,&nbsp;<a href=\"https:\/\/www.google.hu\/intl\/hu\/contact\/\" data-trid=\"1301\">tov\u00e1bbi el\u00e9rhet\u0151s\u00e9gek<\/a>, levelez\u0151 rendszer, felh\u0151ben t\u00f6rt\u00e9n\u0151 adat \u00e9s f\u00e1jl t\u00e1rol\u00e1s, online dokumentum kezel\u00e9s, tov\u00e1bb\u00e1 a hozz\u00e1tartoz\u00f3 szolg\u00e1ltat\u00e1sok: Google Drive, Google Docs, Google Search Console, Google Analytics, Google AdSense, Google AdWords, YouTube, Blogger, Chrome b\u00f6ng\u00e9sz\u0151 t\u00e1mogat\u00e1sa \u2013 Google&nbsp;<a href=\"https:\/\/support.google.com\/a\/answer\/60762?hl=en\" data-trid=\"1302\">adatv\u00e9delme<\/a>&nbsp;\u00e9s&nbsp;<a href=\"https:\/\/policies.google.com\/privacy?hl=hu\" data-trid=\"1303\">adatv\u00e9delmi elvei<\/a>.<\/p>\n<p data-trid=\"1299\"><strong data-trid=\"1306\">Facebook Ireland Ltd.<\/strong><span data-trid=\"1524\"><b>:<\/b>&nbsp;4 Grand Canal Square, Grand Canal Harbour, Dublin 2 Ireland, a Facebook, Instagram, Messenger \u00e9s Facebook \u00e1ltal k\u00edn\u00e1lt egy\u00e9b term\u00e9kek, funkci\u00f3k t\u00e1mogat\u00e1sa \u2013&nbsp;<\/span><a href=\"https:\/\/www.facebook.com\/about\/privacy\/update\" data-trid=\"1307\">adatkezel\u00e9si szab\u00e1lyzat<\/a><span data-trid=\"1525\">&nbsp;\u00e9s adatv\u00e9delmi tisztvisel\u0151&nbsp;<\/span><a href=\"https:\/\/www.facebook.com\/help\/contact\/540977946302970\" data-trid=\"1308\">el\u00e9rhet\u0151s\u00e9ge<\/a><a href=\"https:\/\/www.facebook.com\/help\/contact\/540977946302970\" data-trid=\"1309\">.<\/a><\/p>\n<p data-trid=\"1299\"><b>Optimonk.:<\/b>&nbsp;Optimonk International Zrt. \u2013&nbsp; 4028 Debrecen, Kassai \u00fat 129. \u2013 Az Optimonk&nbsp;<a href=\"https:\/\/support.optimonk.hu\/hc\/hu\" target=\"_blank\" rel=\"noopener\">el\u00e9rhet\u0151s\u00e9ge<\/a>&nbsp;\u00e9s&nbsp;<a href=\"https:\/\/www.optimonk.hu\/adatvedelmi-nyilatkozat\/\" target=\"_blank\" rel=\"noopener\">adatv\u00e9delmi t\u00e1j\u00e9koztat\u00f3ja<\/a>&nbsp;a linkre kattintva \u00e9rhet\u0151 el.<\/p>\n<p data-trid=\"1299\"><b>Capturly.:<\/b>&nbsp;Capturly, Inc.&nbsp; &nbsp;H-6722&nbsp;Szeged,&nbsp;Merey utca 12.&nbsp; Capturly&nbsp;<a href=\"https:\/\/capturly.com\/privacy.\" target=\"_blank\" rel=\"noopener\">Adatv\u00e9delmi ir\u00e1nyelvei<\/a>&nbsp;\u00e9s&nbsp;<a href=\"https:\/\/capturly.com\/terms\" target=\"_blank\" rel=\"noopener\">Felhaszn\u00e1l\u00e1si felt\u00e9telei<\/a>&nbsp;a linkre kattintva \u00e9rhet\u0151k el.<\/p>\n<p data-trid=\"1299\">Speci\u00e1lis esetekben a szerz\u0151d\u00e9s tartalmazhat tov\u00e1bbi adatfeldolgoz\u00f3 szem\u00e9lyeket vagy c\u00e9geket.<\/p>\n<h3 data-trid=\"1311\"><strong data-trid=\"1312\">Adattulajdonosi jogok \u00e9s jog\u00e9rv\u00e9nyes\u00edt\u00e9s<\/strong><\/h3>\n<p data-trid=\"1314\">Amennyiben nem szeretn\u00e9 szem\u00e9lyes adatai kereskedelmi aj\u00e1nlatok k\u00f6zl\u00e9s\u00e9re t\u00f6rt\u00e9n\u0151 felhaszn\u00e1l\u00e1s\u00e1t, joga van mindezt indokl\u00e1s n\u00e9lk\u00fcl megtiltani. T\u00f6rl\u00e9si k\u00e9relm\u00e9t \u00edr\u00e1sban sz\u00fcks\u00e9ges megk\u00fcldenie az Adatkezel\u0151 r\u00e9sz\u00e9re, e-mailben vagy postai lev\u00e9l form\u00e1j\u00e1ban, az&nbsp;<a href=\"https:\/\/www.fitlifebogi.hu\/en\/impresszum\/\">impresszumban&nbsp;<\/a>megjel\u00f6lt el\u00e9rhet\u0151s\u00e9gekre.<\/p>\n<h3 data-trid=\"1317\"><strong data-trid=\"1318\">Kiskor\u00faak \u00e9s korl\u00e1tozottan cselekv\u0151k\u00e9pes szem\u00e9lyes adatainak v\u00e9delme<\/strong><\/h3>\n<p data-trid=\"1320\"><strong data-trid=\"1321\"><span style=\"text-align: var(--text-align);\">K\u00e1d\u00e1r Krisztina Ad\u00e9l E.V.<\/span>&nbsp;<\/strong>internetes weboldala, valamint megjelen\u00e9seinek tartalma t\u00f6bbnyire nem 13 \u00e9v alatti kiskor\u00faak r\u00e9sz\u00e9re sz\u00f3l. Nem kezel\u00fcnk \u00e9s nem gy\u0171jt\u00fcnk 13 \u00e9v alatti gyermekekr\u0151l szem\u00e9lyes adatokat igazolhat\u00f3 sz\u00fcl\u0151i vagy gondvisel\u0151i hozz\u00e1j\u00e1rul\u00e1s n\u00e9lk\u00fcl. Sz\u00fclei vagy gondvisel\u0151i k\u00e9rhetik a gyermekre vonatkoz\u00f3 adatok kiad\u00e1s\u00e1t, t\u00f6rl\u00e9s\u00e9t. Ha az Adatkezel\u0151 sz\u00e1m\u00e1ra az adatkezel\u00e9s, adatfeldolgoz\u00e1s folyam\u00e1n v\u00e1lik nyilv\u00e1nval\u00f3v\u00e1 az \u00e9letkor, abban az esetben a sz\u00fcl\u0151i hozz\u00e1j\u00e1rul\u00e1s beszerz\u00e9se c\u00e9lj\u00e1b\u00f3l az adatok felhaszn\u00e1lhat\u00f3k.<\/p>\n<p data-trid=\"1323\">T\u00f6rv\u00e9nyes k\u00e9pvisel\u0151 hozz\u00e1j\u00e1rul\u00e1sa sz\u00fcks\u00e9ges cselekv\u0151k\u00e9ptelen \u00e9s korl\u00e1tozottan cselekv\u0151k\u00e9pes kiskor\u00fa szem\u00e9ly nyilatkozat\u00e1hoz, kiv\u00e9ve a mindennapi \u00e9letben t\u00f6megesen el\u0151fordul\u00f3 regisztr\u00e1ci\u00f3t c\u00e9lz\u00f3 \u00e9s k\u00fcl\u00f6n\u00f6sebb megfontol\u00e1st nem ig\u00e9nyl\u0151 szolg\u00e1ltat\u00e1sr\u00e9szeket.<\/p>\n<p data-trid=\"1325\">S\u00fctik (cookie) kezel\u00e9se<\/p>\n<p data-trid=\"1327\">A(z) www.fitlifebogi.hu&nbsp;weboldala s\u00fctiket haszn\u00e1l a weboldal m\u0171k\u00f6dtet\u00e9se, haszn\u00e1lat\u00e1nak megk\u00f6nny\u00edt\u00e9se, a weboldalon v\u00e9gzett tev\u00e9kenys\u00e9g nyomon k\u00f6vet\u00e9se \u00e9s relev\u00e1ns aj\u00e1nlatok megjelen\u00edt\u00e9se \u00e9rdek\u00e9ben.<\/p>\n<p data-trid=\"1329\">K\u00e9rj\u00fck, hogy a dokumentumot figyelmesen olvassa el \u00e9s csak akkor vegye ig\u00e9nybe a weboldal szolg\u00e1ltat\u00e1sait, amennyiben minden pontj\u00e1val egyet\u00e9rt \u00e9s azokat \u00d6nre (a tov\u00e1bbiakban: Felhaszn\u00e1l\u00f3) n\u00e9zve k\u00f6telez\u0151 \u00e9rv\u00e9ny\u0171nek elfogadja. Felh\u00edvjuk figyelm\u00e9t, hogy jelen szab\u00e1lyzat csak az adott weboldalon t\u00f6rt\u00e9n\u0151 cookie-kezel\u00e9sre vonatkozik.<\/p>\n<p data-trid=\"1329\">Fitlifebogi.hu<br>K\u00e1d\u00e1r Krisztina Ad\u00e9l \u2013 Egy\u00e9ni V\u00e1llalkoz\u00f3<br>1106 Budapest, Hath\u00e1z utca 9.<br>Budapest, 2023.05.19.<\/p>\n<\/div>\t\t\t\t\t\t\t\t<\/div>\n\t\t\t\t<\/div>\n\t\t\t\t\t<\/div>\n\t\t\t\t<\/div>\n\t\t\t\t<\/div>","protected":false},"excerpt":{"rendered":"<p>Adatkezel\u00e9si t\u00e1j\u00e9koztat\u00f3 Az \u00d6n \u00e1ltal megadott szem\u00e9lyes adatokat kezeli Szolg\u00e1ltat\u00f3:&nbsp;K\u00e1d\u00e1r Krisztina Ad\u00e9l Egy\u00e9ni V\u00e1llalkoz\u00f3Sz\u00e9khely, postac\u00edm:&nbsp;1106 Budapest, Hath\u00e1z utca 9, 308 ajt\u00f3Ad\u00f3sz\u00e1m:&nbsp;68927699-1-42 El\u00e9rhet\u0151s\u00e9g: hello@fitlifebogi.hu K\u00e9rj\u00fck, figyelmesen olvassa el jelen adatkezel\u00e9si t\u00e1j\u00e9koztat\u00f3nkat (a tov\u00e1bbiakban:&nbsp;T\u00e1j\u00e9koztat\u00f3), melyben szem\u00e9lyes adatai kezel\u00e9s\u00e9t \u00e9rint\u0151 gyakorlatunkat ismertetj\u00fck az \u00c1ltal\u00e1nos Adatv\u00e9delmi Rendelet (a GDPR, azaz az Eur\u00f3pai Parlament \u00e9s Tan\u00e1cs 2016\/679. rendelete) szerint. Ez [&hellip;]<\/p>\n","protected":false},"author":1,"featured_media":0,"parent":0,"menu_order":0,"comment_status":"closed","ping_status":"closed","template":"elementor_header_footer","meta":{"_seopress_robots_primary_cat":"","_seopress_titles_title":"","_seopress_titles_desc":"","_seopress_robots_index":"yes","footnotes":""},"class_list":["post-2137","page","type-page","status-publish","hentry"],"_links":{"self":[{"href":"https:\/\/www.fitlifebogi.hu\/en\/wp-json\/wp\/v2\/pages\/2137","targetHints":{"allow":["GET"]}}],"collection":[{"href":"https:\/\/www.fitlifebogi.hu\/en\/wp-json\/wp\/v2\/pages"}],"about":[{"href":"https:\/\/www.fitlifebogi.hu\/en\/wp-json\/wp\/v2\/types\/page"}],"author":[{"embeddable":true,"href":"https:\/\/www.fitlifebogi.hu\/en\/wp-json\/wp\/v2\/users\/1"}],"replies":[{"embeddable":true,"href":"https:\/\/www.fitlifebogi.hu\/en\/wp-json\/wp\/v2\/comments?post=2137"}],"version-history":[{"count":11,"href":"https:\/\/www.fitlifebogi.hu\/en\/wp-json\/wp\/v2\/pages\/2137\/revisions"}],"predecessor-version":[{"id":2375,"href":"https:\/\/www.fitlifebogi.hu\/en\/wp-json\/wp\/v2\/pages\/2137\/revisions\/2375"}],"wp:attachment":[{"href":"https:\/\/www.fitlifebogi.hu\/en\/wp-json\/wp\/v2\/media?parent=2137"}],"curies":[{"name":"wp","href":"https:\/\/api.w.org\/{rel}","templated":true}]}}